{"id":3,"date":"2023-08-29T07:40:58","date_gmt":"2023-08-29T12:40:58","guid":{"rendered":"https:\/\/academiahardware.com\/?page_id=3"},"modified":"2026-02-08T10:36:32","modified_gmt":"2026-02-08T15:36:32","slug":"politica-privacidad","status":"publish","type":"page","link":"https:\/\/academiahardware.com\/?page_id=3","title":{"rendered":"Pragmafix"},"content":{"rendered":"\t\t<div data-elementor-type=\"wp-page\" data-elementor-id=\"3\" class=\"elementor elementor-3\">\n\t\t\t\t\t\t<section class=\"elementor-section elementor-top-section elementor-element elementor-element-3b1565fe elementor-section-boxed elementor-section-height-default elementor-section-height-default\" data-id=\"3b1565fe\" data-element_type=\"section\">\n\t\t\t\t\t\t<div class=\"elementor-container elementor-column-gap-default\">\n\t\t\t\t\t<div class=\"elementor-column elementor-col-100 elementor-top-column elementor-element elementor-element-7ea260d1\" data-id=\"7ea260d1\" data-element_type=\"column\">\n\t\t\t<div class=\"elementor-widget-wrap elementor-element-populated\">\n\t\t\t\t\t\t<div class=\"elementor-element elementor-element-dd222ef elementor-widget elementor-widget-text-editor\" data-id=\"dd222ef\" data-element_type=\"widget\" data-widget_type=\"text-editor.default\">\n\t\t\t\t<div class=\"elementor-widget-container\">\n\t\t\t\t\t\t\t<p><!-- wp:paragraph --><\/p>\n<p><!-- \/wp:paragraph --><\/p>\n<p><!-- wp:heading --><\/p>\n<h2 class=\"wp-block-heading\">Pragmafix<\/h2>\n<p><!-- \/wp:heading --><\/p>\n<p><!-- wp:paragraph --><\/p>\n<div>Instrucciones:<\/div>\n<div>1. Descarga el instalador del link en la parte de abajo.<br \/>2. Descomprime con WinRar el contenido de la carpeta.<br \/>3. Da doble click en el instalador y sigue las instrucciones.<br \/>4. Si tu equipo cuenta con Windows 10 o Windows 11 y est\u00e1 al d\u00eda de actualizaciones, entonces no ser\u00e1 necesario ning\u00fan complemento. Si no es el caso y te pide un complemento adicional, por favor instala C++ y el paquete de Net Freamwork 3.5 y 4.<br \/>5. Una vez instalado inicia el programa y ve a la casilla REGISTRER<br \/>6. Ingresa tu correo electr\u00f3nica y la clave que deseas asignarle a t\u00fa programa, es importante usar un correo y cave de uso frecuente para no extraviarlos.<br \/>7. En la casilla TOKEN ingresa el c\u00f3digo que te dimos al momento de efectuar la compra de la licencia, no lo compartas con nadie. NOTA: La generaci\u00f3n del codigo tarda solo 5 minutos una vez verificado el pago con nuestra asesora por Whatsapp.<br \/>8. Te debe salir un anuncio SUCCESSFUL que indica que el registro a sido exitoso, ahora oprime en BACK para regresar e iniciar sesi\u00f3n con t\u00fa correo y la clave que creaste.<br \/>9. Sugerimos tildar el bbot\u00f3n REMEMBER y AUTOLOGIN para no tener que ingresar esos datos cada que uses el programa.<br \/><br \/><\/div>\n<div>Esperamos que te sea de gran ayuda al momento de realizar tus reparaciones, puedes consultarnos v\u00eda whatsapp o telegram cualquier duda del programa.<\/div>\n<div>Recibimos Nequi, Bancolombia, Daviplata y Paypal como medio de pago para adquirir la licencia.<\/div>\n<p>\u00a0<\/p>\n<p><!-- \/wp:paragraph --><\/p>\t\t\t\t\t\t<\/div>\n\t\t\t\t<\/div>\n\t\t\t\t<div class=\"elementor-element elementor-element-fa2348a elementor-button-info elementor-widget elementor-widget-button\" data-id=\"fa2348a\" data-element_type=\"widget\" data-widget_type=\"button.default\">\n\t\t\t\t<div class=\"elementor-widget-container\">\n\t\t\t\t\t<div class=\"elementor-button-wrapper\">\n\t\t\t<a class=\"elementor-button elementor-button-link elementor-size-sm\" href=\"https:\/\/drive.google.com\/file\/d\/1ubtH2SN7ww01pYUhezJOkUJOCYHLOejl\/view\">\n\t\t\t\t\t\t<span class=\"elementor-button-content-wrapper\">\n\t\t\t\t\t\t\t\t\t<span class=\"elementor-button-text\">Descargar<\/span>\n\t\t\t\t\t<\/span>\n\t\t\t\t\t<\/a>\n\t\t<\/div>\n\t\t\t\t<\/div>\n\t\t\t\t<\/div>\n\t\t\t\t<div class=\"elementor-element elementor-element-0fbd887 elementor-widget__width-initial elementor-widget elementor-widget-image\" data-id=\"0fbd887\" data-element_type=\"widget\" data-widget_type=\"image.default\">\n\t\t\t\t<div class=\"elementor-widget-container\">\n\t\t\t\t\t\t\t\t\t\t\t\t\t<img fetchpriority=\"high\" decoding=\"async\" width=\"640\" height=\"383\" src=\"https:\/\/academiahardware.com\/wp-content\/uploads\/2024\/04\/Pragmafix-1024x613.png\" class=\"attachment-large size-large wp-image-2339\" alt=\"Pragmafix\" srcset=\"https:\/\/academiahardware.com\/wp-content\/uploads\/2024\/04\/Pragmafix-1024x613.png 1024w, https:\/\/academiahardware.com\/wp-content\/uploads\/2024\/04\/Pragmafix-300x180.png 300w, https:\/\/academiahardware.com\/wp-content\/uploads\/2024\/04\/Pragmafix-768x460.png 768w, https:\/\/academiahardware.com\/wp-content\/uploads\/2024\/04\/Pragmafix-1536x919.png 1536w, https:\/\/academiahardware.com\/wp-content\/uploads\/2024\/04\/Pragmafix-240x145.png 240w, https:\/\/academiahardware.com\/wp-content\/uploads\/2024\/04\/Pragmafix-600x359.png 600w, https:\/\/academiahardware.com\/wp-content\/uploads\/2024\/04\/Pragmafix.png 1597w\" sizes=\"(max-width: 640px) 100vw, 640px\" \/>\t\t\t\t\t\t\t\t\t\t\t\t\t<\/div>\n\t\t\t\t<\/div>\n\t\t\t\t\t<\/div>\n\t\t<\/div>\n\t\t\t\t\t<\/div>\n\t\t<\/section>\n\t\t\t\t<\/div>\n\t\t","protected":false},"excerpt":{"rendered":"<p>Pragmafix Instrucciones: 1. Descarga el instalador del link en la parte de abajo.2. Descomprime con WinRar el contenido de la carpeta.3. Da doble click en el instalador y sigue las instrucciones.4. Si tu equipo cuenta con Windows 10 o Windows 11 y est\u00e1 al d\u00eda de actualizaciones, entonces no ser\u00e1 necesario ning\u00fan complemento. Si no [&hellip;]<\/p>\n","protected":false},"author":1,"featured_media":0,"parent":0,"menu_order":4,"comment_status":"closed","ping_status":"open","template":"","meta":{"_regular_price":[],"currency_symbol":[],"_joinchat":[],"footnotes":""},"class_list":["post-3","page","type-page","status-publish","hentry"],"post_slider_layout_featured_media_urls":{"thumbnail":"","post_slider_layout_landscape_large":"","post_slider_layout_portrait_large":"","post_slider_layout_square_large":"","post_slider_layout_landscape":"","post_slider_layout_portrait":"","post_slider_layout_square":"","full":""},"_links":{"self":[{"href":"https:\/\/academiahardware.com\/index.php?rest_route=\/wp\/v2\/pages\/3","targetHints":{"allow":["GET"]}}],"collection":[{"href":"https:\/\/academiahardware.com\/index.php?rest_route=\/wp\/v2\/pages"}],"about":[{"href":"https:\/\/academiahardware.com\/index.php?rest_route=\/wp\/v2\/types\/page"}],"author":[{"embeddable":true,"href":"https:\/\/academiahardware.com\/index.php?rest_route=\/wp\/v2\/users\/1"}],"replies":[{"embeddable":true,"href":"https:\/\/academiahardware.com\/index.php?rest_route=%2Fwp%2Fv2%2Fcomments&post=3"}],"version-history":[{"count":31,"href":"https:\/\/academiahardware.com\/index.php?rest_route=\/wp\/v2\/pages\/3\/revisions"}],"predecessor-version":[{"id":2745,"href":"https:\/\/academiahardware.com\/index.php?rest_route=\/wp\/v2\/pages\/3\/revisions\/2745"}],"wp:attachment":[{"href":"https:\/\/academiahardware.com\/index.php?rest_route=%2Fwp%2Fv2%2Fmedia&parent=3"}],"curies":[{"name":"wp","href":"https:\/\/api.w.org\/{rel}","templated":true}]}}