{"id":2755,"date":"2026-04-10T13:09:02","date_gmt":"2026-04-10T18:09:02","guid":{"rendered":"https:\/\/academiahardware.com\/?page_id=2755"},"modified":"2026-04-10T13:18:08","modified_gmt":"2026-04-10T18:18:08","slug":"dzkj","status":"publish","type":"page","link":"https:\/\/academiahardware.com\/?page_id=2755","title":{"rendered":"DZKJ"},"content":{"rendered":"\t\t<div data-elementor-type=\"wp-page\" data-elementor-id=\"2755\" class=\"elementor elementor-2755\">\n\t\t\t\t<div class=\"elementor-element elementor-element-157fba5 e-flex e-con-boxed e-con e-parent\" data-id=\"157fba5\" data-element_type=\"container\">\n\t\t\t\t\t<div class=\"e-con-inner\">\n\t\t\t\t<div class=\"elementor-element elementor-element-2bfe5f6 elementor-widget elementor-widget-text-editor\" data-id=\"2bfe5f6\" data-element_type=\"widget\" data-widget_type=\"text-editor.default\">\n\t\t\t\t<div class=\"elementor-widget-container\">\n\t\t\t\t\t\t\t<div>Instrucciones:<\/div><div><p>1. Descarga el instalador del link en la parte de abajo.<br \/>2. Ejecutar el Instalador<br \/>3. Dar click en Registrer<br \/>4. Diligenciar los datos<br \/>5. Confirmar activacion en el correo<br \/>6. En la casilla TOKEN ingresa el c\u00f3digo que te dimos al momento de efectuar la compra de la licencia, no lo compartas con nadie. NOTA: La generaci\u00f3n del c\u00f3digo se realiza una vez verificado el pago con nuestra asesora por Whatsapp.<\/p><\/div><div>Esperamos que te sea de gran ayuda al momento de realizar tus reparaciones, puedes consultarnos v\u00eda whatsapp o telegram cualquier duda del programa.<\/div><div>Recibimos Nequi, Bancolombia, Daviplata y Paypal como medio de pago para adquirir la licencia.<\/div>\t\t\t\t\t\t<\/div>\n\t\t\t\t<\/div>\n\t\t\t\t<div class=\"elementor-element elementor-element-8722e3e elementor-widget elementor-widget-image\" data-id=\"8722e3e\" data-element_type=\"widget\" data-widget_type=\"image.default\">\n\t\t\t\t<div class=\"elementor-widget-container\">\n\t\t\t\t\t\t\t\t\t\t\t\t\t<img fetchpriority=\"high\" decoding=\"async\" width=\"640\" height=\"361\" src=\"https:\/\/academiahardware.com\/wp-content\/uploads\/2026\/04\/DZKJ-1024x577.png\" class=\"attachment-large size-large wp-image-2750\" alt=\"Planos esquem\u00e1ticos\" srcset=\"https:\/\/academiahardware.com\/wp-content\/uploads\/2026\/04\/DZKJ-1024x577.png 1024w, https:\/\/academiahardware.com\/wp-content\/uploads\/2026\/04\/DZKJ-300x169.png 300w, https:\/\/academiahardware.com\/wp-content\/uploads\/2026\/04\/DZKJ-768x432.png 768w, https:\/\/academiahardware.com\/wp-content\/uploads\/2026\/04\/DZKJ-600x338.png 600w, https:\/\/academiahardware.com\/wp-content\/uploads\/2026\/04\/DZKJ.png 1522w\" sizes=\"(max-width: 640px) 100vw, 640px\" \/>\t\t\t\t\t\t\t\t\t\t\t\t\t<\/div>\n\t\t\t\t<\/div>\n\t\t\t\t\t<\/div>\n\t\t\t\t<\/div>\n\t\t<div class=\"elementor-element elementor-element-095f078 e-flex e-con-boxed e-con e-parent\" data-id=\"095f078\" data-element_type=\"container\">\n\t\t\t\t\t<div class=\"e-con-inner\">\n\t\t\t\t<div class=\"elementor-element elementor-element-206c20e elementor-widget elementor-widget-button\" data-id=\"206c20e\" data-element_type=\"widget\" data-widget_type=\"button.default\">\n\t\t\t\t<div class=\"elementor-widget-container\">\n\t\t\t\t\t<div class=\"elementor-button-wrapper\">\n\t\t\t<a class=\"elementor-button elementor-button-link elementor-size-sm\" href=\"http:\/\/www.dzkj16888.com\/tg-10453.html\">\n\t\t\t\t\t\t<span class=\"elementor-button-content-wrapper\">\n\t\t\t\t\t\t\t\t\t<span class=\"elementor-button-text\">Descargar<\/span>\n\t\t\t\t\t<\/span>\n\t\t\t\t\t<\/a>\n\t\t<\/div>\n\t\t\t\t<\/div>\n\t\t\t\t<\/div>\n\t\t\t\t\t<\/div>\n\t\t\t\t<\/div>\n\t\t\t\t<\/div>\n\t\t","protected":false},"excerpt":{"rendered":"<p>Instrucciones: 1. Descarga el instalador del link en la parte de abajo.2. Ejecutar el Instalador3. Dar click en Registrer4. Diligenciar los datos5. Confirmar activacion en el correo6. En la casilla TOKEN ingresa el c\u00f3digo que te dimos al momento de efectuar la compra de la licencia, no lo compartas con nadie. NOTA: La generaci\u00f3n del [&hellip;]<\/p>\n","protected":false},"author":1,"featured_media":0,"parent":0,"menu_order":0,"comment_status":"closed","ping_status":"closed","template":"","meta":{"_regular_price":[],"currency_symbol":[],"_joinchat":[],"footnotes":""},"class_list":["post-2755","page","type-page","status-publish","hentry"],"post_slider_layout_featured_media_urls":{"thumbnail":"","post_slider_layout_landscape_large":"","post_slider_layout_portrait_large":"","post_slider_layout_square_large":"","post_slider_layout_landscape":"","post_slider_layout_portrait":"","post_slider_layout_square":"","full":""},"_links":{"self":[{"href":"https:\/\/academiahardware.com\/index.php?rest_route=\/wp\/v2\/pages\/2755","targetHints":{"allow":["GET"]}}],"collection":[{"href":"https:\/\/academiahardware.com\/index.php?rest_route=\/wp\/v2\/pages"}],"about":[{"href":"https:\/\/academiahardware.com\/index.php?rest_route=\/wp\/v2\/types\/page"}],"author":[{"embeddable":true,"href":"https:\/\/academiahardware.com\/index.php?rest_route=\/wp\/v2\/users\/1"}],"replies":[{"embeddable":true,"href":"https:\/\/academiahardware.com\/index.php?rest_route=%2Fwp%2Fv2%2Fcomments&post=2755"}],"version-history":[{"count":16,"href":"https:\/\/academiahardware.com\/index.php?rest_route=\/wp\/v2\/pages\/2755\/revisions"}],"predecessor-version":[{"id":2772,"href":"https:\/\/academiahardware.com\/index.php?rest_route=\/wp\/v2\/pages\/2755\/revisions\/2772"}],"wp:attachment":[{"href":"https:\/\/academiahardware.com\/index.php?rest_route=%2Fwp%2Fv2%2Fmedia&parent=2755"}],"curies":[{"name":"wp","href":"https:\/\/api.w.org\/{rel}","templated":true}]}}