{"id":1448,"date":"2022-08-25T13:27:00","date_gmt":"2022-08-25T13:27:00","guid":{"rendered":"https:\/\/academiahardware.com\/home\/"},"modified":"2026-03-21T21:41:26","modified_gmt":"2026-03-22T02:41:26","slug":"home","status":"publish","type":"page","link":"https:\/\/academiahardware.com\/","title":{"rendered":""},"content":{"rendered":"\t\t<div data-elementor-type=\"wp-page\" data-elementor-id=\"1448\" class=\"elementor elementor-1448\">\n\t\t\t\t<div class=\"elementor-element elementor-element-1c36754 e-flex e-con-boxed e-con e-parent\" data-id=\"1c36754\" data-element_type=\"container\">\n\t\t\t\t\t<div class=\"e-con-inner\">\n\t\t\t\t<div class=\"elementor-element elementor-element-3c1dd67 elementor-widget elementor-widget-heading\" data-id=\"3c1dd67\" data-element_type=\"widget\" data-widget_type=\"heading.default\">\n\t\t\t\t<div class=\"elementor-widget-container\">\n\t\t\t<h2 class=\"elementor-heading-title elementor-size-default\">Combos en Cursos de Celulares<\/h2>\t\t<\/div>\n\t\t\t\t<\/div>\n\t\t\t\t\t<\/div>\n\t\t\t\t<\/div>\n\t\t\t\t<section class=\"elementor-section elementor-top-section elementor-element elementor-element-aff6ae1 elementor-section-boxed elementor-section-height-default elementor-section-height-default\" data-id=\"aff6ae1\" data-element_type=\"section\">\n\t\t\t\t\t\t<div class=\"elementor-container elementor-column-gap-wide\">\n\t\t\t\t\t<div class=\"elementor-column elementor-col-33 elementor-top-column elementor-element elementor-element-f8352c5\" data-id=\"f8352c5\" data-element_type=\"column\">\n\t\t\t<div class=\"elementor-widget-wrap elementor-element-populated\">\n\t\t\t\t\t\t<div class=\"elementor-element elementor-element-5774235 elementor-widget elementor-widget-heading\" data-id=\"5774235\" data-element_type=\"widget\" data-widget_type=\"heading.default\">\n\t\t\t\t<div class=\"elementor-widget-container\">\n\t\t\t<h4 class=\"elementor-heading-title elementor-size-large\">Nivel B\u00e1sico<\/h4>\t\t<\/div>\n\t\t\t\t<\/div>\n\t\t\t\t<div class=\"elementor-element elementor-element-00d516a elementor-widget elementor-widget-image\" data-id=\"00d516a\" data-element_type=\"widget\" data-widget_type=\"image.default\">\n\t\t\t\t<div class=\"elementor-widget-container\">\n\t\t\t\t\t\t\t\t\t\t\t\t\t\t<a href=\"http:\/\/academiahardware.com\/wp-content\/uploads\/2024\/04\/1-2.jpg\" data-elementor-open-lightbox=\"yes\" data-elementor-lightbox-title=\"1\" data-e-action-hash=\"#elementor-action%3Aaction%3Dlightbox%26settings%3DeyJpZCI6MjE1MSwidXJsIjoiaHR0cHM6XC9cL2FjYWRlbWlhaGFyZHdhcmUuY29tXC93cC1jb250ZW50XC91cGxvYWRzXC8yMDI0XC8wNFwvMS0yLmpwZyJ9\">\n\t\t\t\t\t\t\t<img fetchpriority=\"high\" decoding=\"async\" width=\"1414\" height=\"2000\" src=\"https:\/\/academiahardware.com\/wp-content\/uploads\/2024\/04\/1-2.jpg\" class=\"attachment-full size-full wp-image-2151\" alt=\"\" srcset=\"https:\/\/academiahardware.com\/wp-content\/uploads\/2024\/04\/1-2.jpg 1414w, https:\/\/academiahardware.com\/wp-content\/uploads\/2024\/04\/1-2-600x849.jpg 600w, https:\/\/academiahardware.com\/wp-content\/uploads\/2024\/04\/1-2-212x300.jpg 212w, https:\/\/academiahardware.com\/wp-content\/uploads\/2024\/04\/1-2-724x1024.jpg 724w, https:\/\/academiahardware.com\/wp-content\/uploads\/2024\/04\/1-2-768x1086.jpg 768w, https:\/\/academiahardware.com\/wp-content\/uploads\/2024\/04\/1-2-1086x1536.jpg 1086w\" sizes=\"(max-width: 1414px) 100vw, 1414px\" \/>\t\t\t\t\t\t\t\t<\/a>\n\t\t\t\t\t\t\t\t\t\t\t\t\t<\/div>\n\t\t\t\t<\/div>\n\t\t\t\t\t<\/div>\n\t\t<\/div>\n\t\t\t\t<div class=\"elementor-column elementor-col-33 elementor-top-column elementor-element elementor-element-df9ce02\" data-id=\"df9ce02\" data-element_type=\"column\">\n\t\t\t<div class=\"elementor-widget-wrap elementor-element-populated\">\n\t\t\t\t\t\t<div class=\"elementor-element elementor-element-a817e60 elementor-widget__width-initial elementor-widget elementor-widget-heading\" data-id=\"a817e60\" data-element_type=\"widget\" data-widget_type=\"heading.default\">\n\t\t\t\t<div class=\"elementor-widget-container\">\n\t\t\t<h4 class=\"elementor-heading-title elementor-size-large\">Nivel Intermedio<\/h4>\t\t<\/div>\n\t\t\t\t<\/div>\n\t\t\t\t<div class=\"elementor-element elementor-element-305ef56 elementor-widget elementor-widget-image\" data-id=\"305ef56\" data-element_type=\"widget\" data-widget_type=\"image.default\">\n\t\t\t\t<div class=\"elementor-widget-container\">\n\t\t\t\t\t\t\t\t\t\t\t\t\t\t<a href=\"http:\/\/academiahardware.com\/wp-content\/uploads\/2024\/04\/2-1.jpg\" data-elementor-open-lightbox=\"yes\" data-elementor-lightbox-title=\"2\" data-e-action-hash=\"#elementor-action%3Aaction%3Dlightbox%26settings%3DeyJpZCI6MjE1MiwidXJsIjoiaHR0cHM6XC9cL2FjYWRlbWlhaGFyZHdhcmUuY29tXC93cC1jb250ZW50XC91cGxvYWRzXC8yMDI0XC8wNFwvMi0xLmpwZyJ9\">\n\t\t\t\t\t\t\t<img decoding=\"async\" width=\"640\" height=\"905\" src=\"https:\/\/academiahardware.com\/wp-content\/uploads\/2024\/04\/2-1-724x1024.jpg\" class=\"attachment-large size-large wp-image-2152\" alt=\"\" srcset=\"https:\/\/academiahardware.com\/wp-content\/uploads\/2024\/04\/2-1-724x1024.jpg 724w, https:\/\/academiahardware.com\/wp-content\/uploads\/2024\/04\/2-1-600x849.jpg 600w, https:\/\/academiahardware.com\/wp-content\/uploads\/2024\/04\/2-1-212x300.jpg 212w, https:\/\/academiahardware.com\/wp-content\/uploads\/2024\/04\/2-1-768x1086.jpg 768w, https:\/\/academiahardware.com\/wp-content\/uploads\/2024\/04\/2-1-1086x1536.jpg 1086w, https:\/\/academiahardware.com\/wp-content\/uploads\/2024\/04\/2-1.jpg 1414w\" sizes=\"(max-width: 640px) 100vw, 640px\" \/>\t\t\t\t\t\t\t\t<\/a>\n\t\t\t\t\t\t\t\t\t\t\t\t\t<\/div>\n\t\t\t\t<\/div>\n\t\t\t\t\t<\/div>\n\t\t<\/div>\n\t\t\t\t<div class=\"elementor-column elementor-col-33 elementor-top-column elementor-element elementor-element-6025ffc\" data-id=\"6025ffc\" data-element_type=\"column\">\n\t\t\t<div class=\"elementor-widget-wrap elementor-element-populated\">\n\t\t\t\t\t\t<div class=\"elementor-element elementor-element-84d7759 elementor-widget elementor-widget-heading\" data-id=\"84d7759\" data-element_type=\"widget\" data-widget_type=\"heading.default\">\n\t\t\t\t<div class=\"elementor-widget-container\">\n\t\t\t<h4 class=\"elementor-heading-title elementor-size-large\">Nivel Avanzado<\/h4>\t\t<\/div>\n\t\t\t\t<\/div>\n\t\t\t\t<div class=\"elementor-element elementor-element-eb7aaf5 elementor-widget elementor-widget-image\" data-id=\"eb7aaf5\" data-element_type=\"widget\" data-widget_type=\"image.default\">\n\t\t\t\t<div class=\"elementor-widget-container\">\n\t\t\t\t\t\t\t\t\t\t\t\t\t\t<a href=\"http:\/\/academiahardware.com\/wp-content\/uploads\/2024\/04\/3-1.jpg\" data-elementor-open-lightbox=\"yes\" data-elementor-lightbox-title=\"3\" data-e-action-hash=\"#elementor-action%3Aaction%3Dlightbox%26settings%3DeyJpZCI6MjE1MywidXJsIjoiaHR0cHM6XC9cL2FjYWRlbWlhaGFyZHdhcmUuY29tXC93cC1jb250ZW50XC91cGxvYWRzXC8yMDI0XC8wNFwvMy0xLmpwZyJ9\">\n\t\t\t\t\t\t\t<img decoding=\"async\" width=\"1414\" height=\"2000\" src=\"https:\/\/academiahardware.com\/wp-content\/uploads\/2024\/04\/3-1.jpg\" class=\"attachment-full size-full wp-image-2153\" alt=\"\" srcset=\"https:\/\/academiahardware.com\/wp-content\/uploads\/2024\/04\/3-1.jpg 1414w, https:\/\/academiahardware.com\/wp-content\/uploads\/2024\/04\/3-1-600x849.jpg 600w, https:\/\/academiahardware.com\/wp-content\/uploads\/2024\/04\/3-1-212x300.jpg 212w, https:\/\/academiahardware.com\/wp-content\/uploads\/2024\/04\/3-1-724x1024.jpg 724w, https:\/\/academiahardware.com\/wp-content\/uploads\/2024\/04\/3-1-768x1086.jpg 768w, https:\/\/academiahardware.com\/wp-content\/uploads\/2024\/04\/3-1-1086x1536.jpg 1086w\" sizes=\"(max-width: 1414px) 100vw, 1414px\" \/>\t\t\t\t\t\t\t\t<\/a>\n\t\t\t\t\t\t\t\t\t\t\t\t\t<\/div>\n\t\t\t\t<\/div>\n\t\t\t\t\t<\/div>\n\t\t<\/div>\n\t\t\t\t\t<\/div>\n\t\t<\/section>\n\t\t\t\t<section class=\"elementor-section elementor-top-section elementor-element elementor-element-6e2f681 elementor-section-boxed elementor-section-height-default elementor-section-height-default\" data-id=\"6e2f681\" data-element_type=\"section\">\n\t\t\t\t\t\t<div class=\"elementor-container elementor-column-gap-wide\">\n\t\t\t\t\t<div class=\"elementor-column elementor-col-50 elementor-top-column elementor-element elementor-element-e8c6ac4\" data-id=\"e8c6ac4\" data-element_type=\"column\">\n\t\t\t<div class=\"elementor-widget-wrap elementor-element-populated\">\n\t\t\t\t\t\t<div class=\"elementor-element elementor-element-dfec25a elementor-widget elementor-widget-heading\" data-id=\"dfec25a\" data-element_type=\"widget\" data-widget_type=\"heading.default\">\n\t\t\t\t<div class=\"elementor-widget-container\">\n\t\t\t<h2 class=\"elementor-heading-title elementor-size-default\">Quienes somos<\/h2>\t\t<\/div>\n\t\t\t\t<\/div>\n\t\t\t\t<div class=\"elementor-element elementor-element-b9d0bf1 elementor-widget elementor-widget-text-editor\" data-id=\"b9d0bf1\" data-element_type=\"widget\" data-widget_type=\"text-editor.default\">\n\t\t\t\t<div class=\"elementor-widget-container\">\n\t\t\t\t\t\t\t<p>Somos una escuela dedicada a la formaci\u00f3n para el trabajo, dictamos cursos de reparaci\u00f3n de dispositivos m\u00f3viles desde el a\u00f1o 2019 en la ciudad de Bogot\u00e1.<\/p><p>En nuestras aulas el alumno cuenta con toda la herramienta necesaria para las pr\u00e1cticas de forma individual.<\/p>\t\t\t\t\t\t<\/div>\n\t\t\t\t<\/div>\n\t\t\t\t\t<\/div>\n\t\t<\/div>\n\t\t\t\t<div class=\"elementor-column elementor-col-50 elementor-top-column elementor-element elementor-element-2851bf7\" data-id=\"2851bf7\" data-element_type=\"column\">\n\t\t\t<div class=\"elementor-widget-wrap elementor-element-populated\">\n\t\t\t\t\t\t<div class=\"elementor-element elementor-element-e3897f4 elementor-widget elementor-widget-image\" data-id=\"e3897f4\" data-element_type=\"widget\" data-widget_type=\"image.default\">\n\t\t\t\t<div class=\"elementor-widget-container\">\n\t\t\t\t\t\t\t\t\t\t\t\t\t<img loading=\"lazy\" decoding=\"async\" width=\"960\" height=\"1280\" src=\"https:\/\/academiahardware.com\/wp-content\/uploads\/2024\/11\/photo_2023-11-05_14-16-11.jpg\" class=\"attachment-full size-full wp-image-2714\" alt=\"\" srcset=\"https:\/\/academiahardware.com\/wp-content\/uploads\/2024\/11\/photo_2023-11-05_14-16-11.jpg 960w, https:\/\/academiahardware.com\/wp-content\/uploads\/2024\/11\/photo_2023-11-05_14-16-11-225x300.jpg 225w, https:\/\/academiahardware.com\/wp-content\/uploads\/2024\/11\/photo_2023-11-05_14-16-11-768x1024.jpg 768w, https:\/\/academiahardware.com\/wp-content\/uploads\/2024\/11\/photo_2023-11-05_14-16-11-600x800.jpg 600w\" sizes=\"(max-width: 960px) 100vw, 960px\" \/>\t\t\t\t\t\t\t\t\t\t\t\t\t<\/div>\n\t\t\t\t<\/div>\n\t\t\t\t<div class=\"elementor-element elementor-element-96bf93d elementor-widget elementor-widget-text-editor\" data-id=\"96bf93d\" data-element_type=\"widget\" data-widget_type=\"text-editor.default\">\n\t\t\t\t<div class=\"elementor-widget-container\">\n\t\t\t\t\t\t\t<p>Aqu\u00ed puedes aprender reparando equipos reales y as\u00ed recuperas t\u00fa inversi\u00f3n a medida que estudias.<\/p>\t\t\t\t\t\t<\/div>\n\t\t\t\t<\/div>\n\t\t\t\t\t<\/div>\n\t\t<\/div>\n\t\t\t\t\t<\/div>\n\t\t<\/section>\n\t\t<div class=\"elementor-element elementor-element-62f3697 e-flex e-con-boxed e-con e-parent\" data-id=\"62f3697\" data-element_type=\"container\">\n\t\t\t\t\t<div class=\"e-con-inner\">\n\t\t\t\t\t<\/div>\n\t\t\t\t<\/div>\n\t\t\t\t<\/div>\n\t\t","protected":false},"excerpt":{"rendered":"<p>Combos en Cursos de Celulares Nivel B\u00e1sico Nivel Intermedio Nivel Avanzado Quienes somos Somos una escuela dedicada a la formaci\u00f3n para el trabajo, dictamos cursos de reparaci\u00f3n de dispositivos m\u00f3viles desde el a\u00f1o 2019 en la ciudad de Bogot\u00e1. En nuestras aulas el alumno cuenta con toda la herramienta necesaria para las pr\u00e1cticas de forma [&hellip;]<\/p>\n","protected":false},"author":1,"featured_media":0,"parent":0,"menu_order":2,"comment_status":"closed","ping_status":"closed","template":"","meta":{"_regular_price":[],"currency_symbol":[],"_joinchat":[],"footnotes":""},"class_list":["post-1448","page","type-page","status-publish","hentry"],"post_slider_layout_featured_media_urls":{"thumbnail":"","post_slider_layout_landscape_large":"","post_slider_layout_portrait_large":"","post_slider_layout_square_large":"","post_slider_layout_landscape":"","post_slider_layout_portrait":"","post_slider_layout_square":"","full":""},"_links":{"self":[{"href":"https:\/\/academiahardware.com\/index.php?rest_route=\/wp\/v2\/pages\/1448","targetHints":{"allow":["GET"]}}],"collection":[{"href":"https:\/\/academiahardware.com\/index.php?rest_route=\/wp\/v2\/pages"}],"about":[{"href":"https:\/\/academiahardware.com\/index.php?rest_route=\/wp\/v2\/types\/page"}],"author":[{"embeddable":true,"href":"https:\/\/academiahardware.com\/index.php?rest_route=\/wp\/v2\/users\/1"}],"replies":[{"embeddable":true,"href":"https:\/\/academiahardware.com\/index.php?rest_route=%2Fwp%2Fv2%2Fcomments&post=1448"}],"version-history":[{"count":166,"href":"https:\/\/academiahardware.com\/index.php?rest_route=\/wp\/v2\/pages\/1448\/revisions"}],"predecessor-version":[{"id":2748,"href":"https:\/\/academiahardware.com\/index.php?rest_route=\/wp\/v2\/pages\/1448\/revisions\/2748"}],"wp:attachment":[{"href":"https:\/\/academiahardware.com\/index.php?rest_route=%2Fwp%2Fv2%2Fmedia&parent=1448"}],"curies":[{"name":"wp","href":"https:\/\/api.w.org\/{rel}","templated":true}]}}